{"id":18,"date":"2015-09-17T14:39:32","date_gmt":"2015-09-17T14:39:32","guid":{"rendered":"https:\/\/djecjikranjcic.wordpress.com\/?page_id=18"},"modified":"2022-12-04T14:48:50","modified_gmt":"2022-12-04T13:48:50","slug":"kontakt","status":"publish","type":"page","link":"https:\/\/djecji.kranjcic.hr\/?page_id=18","title":{"rendered":"Kontakt"},"content":{"rendered":"<p>E-adresa: djecji@kranjcic.hr<br \/>\nTel.:<br \/>\n091 502 8171 (Martina Valec-Rebi\u0107, koordinatorica natje\u010daja)<br \/>\n099 433 3986 (Danijela Zagorec, koordinatorica susreta)<br \/>\n<a href=\"https:\/\/www.facebook.com\/Dje%C4%8Dji-Kranj%C4%8Di%C4%87-1832618226959445\/\" target=\"_blank\" rel=\"noopener noreferrer\">Facebook stranica<\/a><\/p>\n<p>Organizatori<\/p>\n<p><strong>OSNOVNA \u0160KOLA LJUDEVITA MODECA<\/strong><br \/>\n<strong> KRI\u017dEVCI<\/strong><br \/>\nFranje Ra\u010dkoga 3, 48260 Kri\u017eevci<br \/>\nTel.: 098 398 266 (Tomislav Bogdanovi\u0107, ravnatelj \u0160kole)<br \/>\n<a href=\"mailto:krizevci@os-ljmodeca-kc.skole.hr\">krizevci@os-ljmodeca-kc.skole.hr<br \/>\n<\/a><a href=\"http:\/\/www.os-ljmodeca-kc.skole.hr\">http:\/\/www.os-ljmodeca-kc.skole.hr<br \/>\n<\/a>OIB: 43877484639<\/p>\n<p><strong>UDRUGA ZA PROMICANJE ZNAMENITIH KRI\u017dEV\u010cANA<\/strong><br \/>\n<strong> \u201eDR. STJEPAN KRANJ\u010cI\u0106\u201d<\/strong><br \/>\nIvana Zakmardija Dijankove\u010dkog 1, 48260 Kri\u017eevci<br \/>\nTel.: 091 6640 850 (Tanja Baran, predsjednica Udruge)<br \/>\n<a href=\"mailto:uprava@udruga-drstjepankranjcic.hr\">udruga@kranjcic.hr<br \/>\n<\/a><a href=\"http:\/\/www.kranjcic.hr\">www.kranjcic.hr<br \/>\n<\/a>OIB: 48384153074<\/p>\n","protected":false},"excerpt":{"rendered":"<p>E-adresa: djecji@kranjcic.hr Tel.: 091 502 8171 (Martina Valec-Rebi\u0107, koordinatorica natje\u010daja) 099 433 3986 (Danijela Zagorec, koordinatorica susreta) Facebook stranica Organizatori OSNOVNA \u0160KOLA LJUDEVITA MODECA KRI\u017dEVCI Franje Ra\u010dkoga 3, 48260 Kri\u017eevci Tel.: 098 398 266 (Tomislav Bogdanovi\u0107, ravnatelj \u0160kole) krizevci@os-ljmodeca-kc.skole.hr http:\/\/www.os-ljmodeca-kc.skole.hr OIB: 43877484639 UDRUGA ZA PROMICANJE ZNAMENITIH KRI\u017dEV\u010cANA \u201eDR. STJEPAN KRANJ\u010cI\u0106\u201d Ivana Zakmardija Dijankove\u010dkog 1, 48260 <a class=\"read-more\" href=\"https:\/\/djecji.kranjcic.hr\/?page_id=18\">Vi\u0161e<\/a><\/p>\n","protected":false},"author":1,"featured_media":0,"parent":0,"menu_order":5,"comment_status":"closed","ping_status":"closed","template":"","meta":{"footnotes":""},"class_list":["post-18","page","type-page","status-publish","hentry"],"jetpack_sharing_enabled":false,"_links":{"self":[{"href":"https:\/\/djecji.kranjcic.hr\/index.php?rest_route=\/wp\/v2\/pages\/18","targetHints":{"allow":["GET"]}}],"collection":[{"href":"https:\/\/djecji.kranjcic.hr\/index.php?rest_route=\/wp\/v2\/pages"}],"about":[{"href":"https:\/\/djecji.kranjcic.hr\/index.php?rest_route=\/wp\/v2\/types\/page"}],"author":[{"embeddable":true,"href":"https:\/\/djecji.kranjcic.hr\/index.php?rest_route=\/wp\/v2\/users\/1"}],"replies":[{"embeddable":true,"href":"https:\/\/djecji.kranjcic.hr\/index.php?rest_route=%2Fwp%2Fv2%2Fcomments&post=18"}],"version-history":[{"count":2,"href":"https:\/\/djecji.kranjcic.hr\/index.php?rest_route=\/wp\/v2\/pages\/18\/revisions"}],"predecessor-version":[{"id":705,"href":"https:\/\/djecji.kranjcic.hr\/index.php?rest_route=\/wp\/v2\/pages\/18\/revisions\/705"}],"wp:attachment":[{"href":"https:\/\/djecji.kranjcic.hr\/index.php?rest_route=%2Fwp%2Fv2%2Fmedia&parent=18"}],"curies":[{"name":"wp","href":"https:\/\/api.w.org\/{rel}","templated":true}]}}